{"id":5306,"date":"2025-09-06T11:54:40","date_gmt":"2025-09-06T09:54:40","guid":{"rendered":"https:\/\/cyril-nahon.com\/buisson\/?page_id=5306"},"modified":"2025-09-28T19:57:12","modified_gmt":"2025-09-28T17:57:12","slug":"declaration-deces","status":"publish","type":"page","link":"https:\/\/cyril-nahon.com\/buisson\/mes-demarches\/etat-civil\/declaration-deces\/","title":{"rendered":"Je veux d\u00e9clarer un d\u00e9c\u00e8s"},"content":{"rendered":"","protected":false},"excerpt":{"rendered":"","protected":false},"author":10,"featured_media":5674,"parent":5034,"menu_order":5,"comment_status":"closed","ping_status":"closed","template":"","meta":{"_acf_changed":false,"footnotes":""},"class_list":["post-5306","page","type-page","status-publish","has-post-thumbnail","hentry"],"acf":[],"yoast_head":"<!-- This site is optimized with the Yoast SEO plugin v24.8.1 - https:\/\/yoast.com\/wordpress\/plugins\/seo\/ -->\n<title>Je veux d\u00e9clarer un d\u00e9c\u00e8s - Le Buisson de Cadouin<\/title>\n<meta name=\"robots\" content=\"noindex, follow, max-snippet:-1, max-image-preview:large, max-video-preview:-1\" \/>\n<meta property=\"og:locale\" content=\"fr_FR\" \/>\n<meta property=\"og:type\" content=\"article\" \/>\n<meta property=\"og:title\" content=\"Je veux d\u00e9clarer un d\u00e9c\u00e8s - Le Buisson de Cadouin\" \/>\n<meta property=\"og:url\" content=\"https:\/\/cyril-nahon.com\/buisson\/mes-demarches\/etat-civil\/declaration-deces\/\" \/>\n<meta property=\"og:site_name\" content=\"Le Buisson de Cadouin\" \/>\n<meta property=\"article:modified_time\" content=\"2025-09-28T17:57:12+00:00\" \/>\n<meta property=\"og:image\" content=\"https:\/\/cyril-nahon.com\/buisson\/wp-content\/uploads\/2025\/09\/declaration-decesweb-1244x700.jpg\" \/>\n\t<meta property=\"og:image:width\" content=\"1920\" \/>\n\t<meta property=\"og:image:height\" content=\"1080\" \/>\n\t<meta property=\"og:image:type\" content=\"image\/jpeg\" \/>\n<meta name=\"twitter:card\" content=\"summary_large_image\" \/>\n<meta name=\"twitter:label1\" content=\"Dur\u00e9e de lecture estim\u00e9e\" \/>\n\t<meta name=\"twitter:data1\" content=\"1 minute\" \/>\n<script type=\"application\/ld+json\" class=\"yoast-schema-graph\">{\"@context\":\"https:\/\/schema.org\",\"@graph\":[{\"@type\":\"WebPage\",\"@id\":\"https:\/\/cyril-nahon.com\/buisson\/mes-demarches\/etat-civil\/declaration-deces\/\",\"url\":\"https:\/\/cyril-nahon.com\/buisson\/mes-demarches\/etat-civil\/declaration-deces\/\",\"name\":\"Je veux d\u00e9clarer un d\u00e9c\u00e8s - Le Buisson de Cadouin\",\"isPartOf\":{\"@id\":\"https:\/\/cyril-nahon.com\/buisson\/#website\"},\"primaryImageOfPage\":{\"@id\":\"https:\/\/cyril-nahon.com\/buisson\/mes-demarches\/etat-civil\/declaration-deces\/#primaryimage\"},\"image\":{\"@id\":\"https:\/\/cyril-nahon.com\/buisson\/mes-demarches\/etat-civil\/declaration-deces\/#primaryimage\"},\"thumbnailUrl\":\"https:\/\/cyril-nahon.com\/buisson\/wp-content\/uploads\/2025\/09\/declaration-decesweb-1244x700.jpg\",\"datePublished\":\"2025-09-06T09:54:40+00:00\",\"dateModified\":\"2025-09-28T17:57:12+00:00\",\"breadcrumb\":{\"@id\":\"https:\/\/cyril-nahon.com\/buisson\/mes-demarches\/etat-civil\/declaration-deces\/#breadcrumb\"},\"inLanguage\":\"fr-FR\",\"potentialAction\":[{\"@type\":\"ReadAction\",\"target\":[\"https:\/\/cyril-nahon.com\/buisson\/mes-demarches\/etat-civil\/declaration-deces\/\"]}]},{\"@type\":\"ImageObject\",\"inLanguage\":\"fr-FR\",\"@id\":\"https:\/\/cyril-nahon.com\/buisson\/mes-demarches\/etat-civil\/declaration-deces\/#primaryimage\",\"url\":\"https:\/\/cyril-nahon.com\/buisson\/wp-content\/uploads\/2025\/09\/declaration-decesweb-1244x700.jpg\",\"contentUrl\":\"https:\/\/cyril-nahon.com\/buisson\/wp-content\/uploads\/2025\/09\/declaration-decesweb-1244x700.jpg\",\"width\":1920,\"height\":1080},{\"@type\":\"BreadcrumbList\",\"@id\":\"https:\/\/cyril-nahon.com\/buisson\/mes-demarches\/etat-civil\/declaration-deces\/#breadcrumb\",\"itemListElement\":[{\"@type\":\"ListItem\",\"position\":1,\"name\":\"Accueil\",\"item\":\"https:\/\/cyril-nahon.com\/buisson\/\"},{\"@type\":\"ListItem\",\"position\":2,\"name\":\"Mes d\u00e9marches\",\"item\":\"https:\/\/cyril-nahon.com\/buisson\/mes-demarches\/\"},{\"@type\":\"ListItem\",\"position\":3,\"name\":\"Etat-civil\",\"item\":\"https:\/\/cyril-nahon.com\/buisson\/mes-demarches\/etat-civil\/\"},{\"@type\":\"ListItem\",\"position\":4,\"name\":\"Je veux d\u00e9clarer un d\u00e9c\u00e8s\"}]},{\"@type\":\"WebSite\",\"@id\":\"https:\/\/cyril-nahon.com\/buisson\/#website\",\"url\":\"https:\/\/cyril-nahon.com\/buisson\/\",\"name\":\"Le Buisson de Cadouin\",\"description\":\"\",\"potentialAction\":[{\"@type\":\"SearchAction\",\"target\":{\"@type\":\"EntryPoint\",\"urlTemplate\":\"https:\/\/cyril-nahon.com\/buisson\/?s={search_term_string}\"},\"query-input\":{\"@type\":\"PropertyValueSpecification\",\"valueRequired\":true,\"valueName\":\"search_term_string\"}}],\"inLanguage\":\"fr-FR\"}]}<\/script>\n<!-- \/ Yoast SEO plugin. -->","yoast_head_json":{"title":"Je veux d\u00e9clarer un d\u00e9c\u00e8s - Le Buisson de Cadouin","robots":{"index":"noindex","follow":"follow","max-snippet":"max-snippet:-1","max-image-preview":"max-image-preview:large","max-video-preview":"max-video-preview:-1"},"og_locale":"fr_FR","og_type":"article","og_title":"Je veux d\u00e9clarer un d\u00e9c\u00e8s - Le Buisson de Cadouin","og_url":"https:\/\/cyril-nahon.com\/buisson\/mes-demarches\/etat-civil\/declaration-deces\/","og_site_name":"Le Buisson de Cadouin","article_modified_time":"2025-09-28T17:57:12+00:00","og_image":[{"width":1920,"height":1080,"url":"https:\/\/cyril-nahon.com\/buisson\/wp-content\/uploads\/2025\/09\/declaration-decesweb-1244x700.jpg","type":"image\/jpeg"}],"twitter_card":"summary_large_image","twitter_misc":{"Dur\u00e9e de lecture estim\u00e9e":"1 minute"},"schema":{"@context":"https:\/\/schema.org","@graph":[{"@type":"WebPage","@id":"https:\/\/cyril-nahon.com\/buisson\/mes-demarches\/etat-civil\/declaration-deces\/","url":"https:\/\/cyril-nahon.com\/buisson\/mes-demarches\/etat-civil\/declaration-deces\/","name":"Je veux d\u00e9clarer un d\u00e9c\u00e8s - Le Buisson de Cadouin","isPartOf":{"@id":"https:\/\/cyril-nahon.com\/buisson\/#website"},"primaryImageOfPage":{"@id":"https:\/\/cyril-nahon.com\/buisson\/mes-demarches\/etat-civil\/declaration-deces\/#primaryimage"},"image":{"@id":"https:\/\/cyril-nahon.com\/buisson\/mes-demarches\/etat-civil\/declaration-deces\/#primaryimage"},"thumbnailUrl":"https:\/\/cyril-nahon.com\/buisson\/wp-content\/uploads\/2025\/09\/declaration-decesweb-1244x700.jpg","datePublished":"2025-09-06T09:54:40+00:00","dateModified":"2025-09-28T17:57:12+00:00","breadcrumb":{"@id":"https:\/\/cyril-nahon.com\/buisson\/mes-demarches\/etat-civil\/declaration-deces\/#breadcrumb"},"inLanguage":"fr-FR","potentialAction":[{"@type":"ReadAction","target":["https:\/\/cyril-nahon.com\/buisson\/mes-demarches\/etat-civil\/declaration-deces\/"]}]},{"@type":"ImageObject","inLanguage":"fr-FR","@id":"https:\/\/cyril-nahon.com\/buisson\/mes-demarches\/etat-civil\/declaration-deces\/#primaryimage","url":"https:\/\/cyril-nahon.com\/buisson\/wp-content\/uploads\/2025\/09\/declaration-decesweb-1244x700.jpg","contentUrl":"https:\/\/cyril-nahon.com\/buisson\/wp-content\/uploads\/2025\/09\/declaration-decesweb-1244x700.jpg","width":1920,"height":1080},{"@type":"BreadcrumbList","@id":"https:\/\/cyril-nahon.com\/buisson\/mes-demarches\/etat-civil\/declaration-deces\/#breadcrumb","itemListElement":[{"@type":"ListItem","position":1,"name":"Accueil","item":"https:\/\/cyril-nahon.com\/buisson\/"},{"@type":"ListItem","position":2,"name":"Mes d\u00e9marches","item":"https:\/\/cyril-nahon.com\/buisson\/mes-demarches\/"},{"@type":"ListItem","position":3,"name":"Etat-civil","item":"https:\/\/cyril-nahon.com\/buisson\/mes-demarches\/etat-civil\/"},{"@type":"ListItem","position":4,"name":"Je veux d\u00e9clarer un d\u00e9c\u00e8s"}]},{"@type":"WebSite","@id":"https:\/\/cyril-nahon.com\/buisson\/#website","url":"https:\/\/cyril-nahon.com\/buisson\/","name":"Le Buisson de Cadouin","description":"","potentialAction":[{"@type":"SearchAction","target":{"@type":"EntryPoint","urlTemplate":"https:\/\/cyril-nahon.com\/buisson\/?s={search_term_string}"},"query-input":{"@type":"PropertyValueSpecification","valueRequired":true,"valueName":"search_term_string"}}],"inLanguage":"fr-FR"}]}},"_links":{"self":[{"href":"https:\/\/cyril-nahon.com\/buisson\/wp-json\/wp\/v2\/pages\/5306","targetHints":{"allow":["GET"]}}],"collection":[{"href":"https:\/\/cyril-nahon.com\/buisson\/wp-json\/wp\/v2\/pages"}],"about":[{"href":"https:\/\/cyril-nahon.com\/buisson\/wp-json\/wp\/v2\/types\/page"}],"author":[{"embeddable":true,"href":"https:\/\/cyril-nahon.com\/buisson\/wp-json\/wp\/v2\/users\/10"}],"replies":[{"embeddable":true,"href":"https:\/\/cyril-nahon.com\/buisson\/wp-json\/wp\/v2\/comments?post=5306"}],"version-history":[{"count":3,"href":"https:\/\/cyril-nahon.com\/buisson\/wp-json\/wp\/v2\/pages\/5306\/revisions"}],"predecessor-version":[{"id":5807,"href":"https:\/\/cyril-nahon.com\/buisson\/wp-json\/wp\/v2\/pages\/5306\/revisions\/5807"}],"up":[{"embeddable":true,"href":"https:\/\/cyril-nahon.com\/buisson\/wp-json\/wp\/v2\/pages\/5034"}],"wp:featuredmedia":[{"embeddable":true,"href":"https:\/\/cyril-nahon.com\/buisson\/wp-json\/wp\/v2\/media\/5674"}],"wp:attachment":[{"href":"https:\/\/cyril-nahon.com\/buisson\/wp-json\/wp\/v2\/media?parent=5306"}],"curies":[{"name":"wp","href":"https:\/\/api.w.org\/{rel}","templated":true}]}}